{"id":83,"date":"2019-09-16T13:57:28","date_gmt":"2019-09-16T13:57:28","guid":{"rendered":"https:\/\/smartperformance.es\/?page_id=83"},"modified":"2022-12-21T11:23:57","modified_gmt":"2022-12-21T11:23:57","slug":"como-lo-hacemos","status":"publish","type":"page","link":"https:\/\/smartperformance.es\/index.php\/como-lo-hacemos\/","title":{"rendered":"C\u00f3mo lo hacemos"},"content":{"rendered":"<h3 style=\"text-align: center;\"><strong>C\u00f3mo lo hacemos<\/strong><\/h3>\n<table>\n<tbody>\n<tr>\n<td align=\"justify\" valign=\"top\" width=\"50%\">Por medio de un enfoque <strong>hol\u00edstico<\/strong> y <strong>sist\u00e9mico,<\/strong> y teniendo en cuenta el <strong>contexto<\/strong> particular de cada situaci\u00f3n, analizamos, debatimos, proponemos e implementamos soluciones concretas a los retos con los que nos enfrentamos.<\/p>\n<p>Nos caracterizamos por nuestra capacidad de establecer <strong>relaciones<\/strong> profesionales en las que la <strong>empat\u00eda<\/strong>, <strong>honestidad<\/strong>, y <strong>adaptabilidad<\/strong> favorecen cualquier tipo de proceso a llevar a cabo.<\/td>\n<td width=\"50%\"><img loading=\"lazy\" class=\" wp-image-222 aligncenter\" src=\"https:\/\/smartperformance.es\/wp-content\/uploads\/2019\/09\/IMG_0424-300x225.jpg\" alt=\"\" width=\"369\" height=\"277\" srcset=\"https:\/\/smartperformance.es\/wp-content\/uploads\/2019\/09\/IMG_0424-300x225.jpg 300w, https:\/\/smartperformance.es\/wp-content\/uploads\/2019\/09\/IMG_0424-768x576.jpg 768w, https:\/\/smartperformance.es\/wp-content\/uploads\/2019\/09\/IMG_0424-1024x768.jpg 1024w\" sizes=\"(max-width: 369px) 100vw, 369px\" \/><\/td>\n<\/tr>\n<tr>\n<td style=\"text-align: left;\" valign=\"top\" width=\"50%\">\n<p style=\"text-align: center;\"><img loading=\"lazy\" class=\" wp-image-223 aligncenter\" src=\"https:\/\/smartperformance.es\/wp-content\/uploads\/2019\/09\/IMG_7504-300x225.jpg\" alt=\"\" width=\"392\" height=\"294\" srcset=\"https:\/\/smartperformance.es\/wp-content\/uploads\/2019\/09\/IMG_7504-300x225.jpg 300w, https:\/\/smartperformance.es\/wp-content\/uploads\/2019\/09\/IMG_7504-768x576.jpg 768w, https:\/\/smartperformance.es\/wp-content\/uploads\/2019\/09\/IMG_7504-1024x768.jpg 1024w\" sizes=\"(max-width: 392px) 100vw, 392px\" \/><\/p>\n<\/td>\n<td width=\"50%\">\n<p align=\"justify\">Aprovechamos nuestra experiencia en el <strong>trabajo en equipo<\/strong>, la utilizaci\u00f3n inteligente de los <strong>datos<\/strong> (tecnolog\u00eda aplicada, cuestionarios, otras fuentes), el conocimiento <strong>cient\u00edfico<\/strong>, un pensamiento <strong>cr\u00edtico \u2013 constructivo<\/strong>, y la utilizaci\u00f3n de <strong>metodolog\u00edas<\/strong> contrastadas para la obtenci\u00f3n de <strong>resultados.<\/strong><\/p>\n<p style=\"text-align: left;\">Hacemos de la b\u00fasqueda de la <strong>excelencia<\/strong> en el <strong>rendimiento<\/strong> deportivo nuestro <strong>modo de vida.<\/strong><\/p>\n<\/td>\n<\/tr>\n<\/tbody>\n<\/table>\n","protected":false},"excerpt":{"rendered":"<p>C\u00f3mo lo hacemos Por medio de un enfoque hol\u00edstico y sist\u00e9mico, y teniendo en cuenta el contexto particular de cada situaci\u00f3n, analizamos, debatimos, proponemos e implementamos soluciones concretas a los retos con los que nos enfrentamos. Nos caracterizamos por nuestra capacidad de establecer relaciones profesionales en las que la empat\u00eda, honestidad, y adaptabilidad favorecen cualquier [&hellip;]<\/p>\n","protected":false},"author":1,"featured_media":0,"parent":0,"menu_order":0,"comment_status":"closed","ping_status":"closed","template":"","meta":[],"_links":{"self":[{"href":"https:\/\/smartperformance.es\/index.php\/wp-json\/wp\/v2\/pages\/83"}],"collection":[{"href":"https:\/\/smartperformance.es\/index.php\/wp-json\/wp\/v2\/pages"}],"about":[{"href":"https:\/\/smartperformance.es\/index.php\/wp-json\/wp\/v2\/types\/page"}],"author":[{"embeddable":true,"href":"https:\/\/smartperformance.es\/index.php\/wp-json\/wp\/v2\/users\/1"}],"replies":[{"embeddable":true,"href":"https:\/\/smartperformance.es\/index.php\/wp-json\/wp\/v2\/comments?post=83"}],"version-history":[{"count":6,"href":"https:\/\/smartperformance.es\/index.php\/wp-json\/wp\/v2\/pages\/83\/revisions"}],"predecessor-version":[{"id":243,"href":"https:\/\/smartperformance.es\/index.php\/wp-json\/wp\/v2\/pages\/83\/revisions\/243"}],"wp:attachment":[{"href":"https:\/\/smartperformance.es\/index.php\/wp-json\/wp\/v2\/media?parent=83"}],"curies":[{"name":"wp","href":"https:\/\/api.w.org\/{rel}","templated":true}]}}