{"id":81,"date":"2019-09-16T13:57:12","date_gmt":"2019-09-16T13:57:12","guid":{"rendered":"https:\/\/smartperformance.es\/?page_id=81"},"modified":"2022-12-21T11:23:57","modified_gmt":"2022-12-21T11:23:57","slug":"que-hacemos","status":"publish","type":"page","link":"https:\/\/smartperformance.es\/index.php\/que-hacemos\/","title":{"rendered":"Qu\u00e9 hacemos"},"content":{"rendered":"<h3 style=\"text-align: center;\"><strong>Qu\u00e9 hacemos<\/strong><\/h3>\n<p style=\"text-align: center;\">Ofrecemos nuestro <strong>esfuerzo<\/strong>, <strong>experiencia<\/strong> y <strong>conocimiento<\/strong> para colaborar en la b\u00fasqueda de <strong>soluciones<\/strong> adaptadas a tus necesidades o\/y las de tu equipo, club, organizaci\u00f3n o empresa.<\/p>\n<p><img loading=\"lazy\" class=\" wp-image-218 aligncenter\" src=\"https:\/\/smartperformance.es\/wp-content\/uploads\/2019\/09\/IMG_4604-300x225.jpg\" alt=\"\" width=\"343\" height=\"257\" srcset=\"https:\/\/smartperformance.es\/wp-content\/uploads\/2019\/09\/IMG_4604-300x225.jpg 300w, https:\/\/smartperformance.es\/wp-content\/uploads\/2019\/09\/IMG_4604-768x576.jpg 768w, https:\/\/smartperformance.es\/wp-content\/uploads\/2019\/09\/IMG_4604-1024x768.jpg 1024w\" sizes=\"(max-width: 343px) 100vw, 343px\" \/><\/p>\n<table>\n<tbody>\n<tr>\n<td align=\"justify\" valign=\"top\" width=\"50%\">Estas soluciones abarcan servicios de <strong>consultor\u00eda<\/strong>, <strong>formaci\u00f3n<\/strong> especializada, <strong>an\u00e1lisis<\/strong> y <strong>optimizaci\u00f3n<\/strong> del rendimiento, <strong>evaluaciones<\/strong> y <strong>entrenamiento<\/strong> (rendimiento, disminuci\u00f3n del riesgo de lesi\u00f3n, readaptaci\u00f3n), <strong>investigaci\u00f3n<\/strong> y <strong>desarrollo<\/strong>, staff <strong>headhunting<\/strong>, desarrollo de <strong>proyectos<\/strong> (implementaci\u00f3n y gesti\u00f3n de departamento de rendimiento, campus deportivos, stages de equipos, organizaci\u00f3n de eventos, \u2026).<br \/>\nNos adaptamos a tus necesidades.<\/td>\n<td width=\"50%\"><img loading=\"lazy\" class=\" wp-image-219 aligncenter\" src=\"https:\/\/smartperformance.es\/wp-content\/uploads\/2019\/09\/IQRE8875-300x225.jpg\" alt=\"\" width=\"367\" height=\"275\" srcset=\"https:\/\/smartperformance.es\/wp-content\/uploads\/2019\/09\/IQRE8875-300x225.jpg 300w, https:\/\/smartperformance.es\/wp-content\/uploads\/2019\/09\/IQRE8875-768x576.jpg 768w, https:\/\/smartperformance.es\/wp-content\/uploads\/2019\/09\/IQRE8875-1024x768.jpg 1024w, https:\/\/smartperformance.es\/wp-content\/uploads\/2019\/09\/IQRE8875.jpg 1600w\" sizes=\"(max-width: 367px) 100vw, 367px\" \/><\/td>\n<\/tr>\n<\/tbody>\n<\/table>\n","protected":false},"excerpt":{"rendered":"<p>Qu\u00e9 hacemos Ofrecemos nuestro esfuerzo, experiencia y conocimiento para colaborar en la b\u00fasqueda de soluciones adaptadas a tus necesidades o\/y las de tu equipo, club, organizaci\u00f3n o empresa. Estas soluciones abarcan servicios de consultor\u00eda, formaci\u00f3n especializada, an\u00e1lisis y optimizaci\u00f3n del rendimiento, evaluaciones y entrenamiento (rendimiento, disminuci\u00f3n del riesgo de lesi\u00f3n, readaptaci\u00f3n), investigaci\u00f3n y desarrollo, staff [&hellip;]<\/p>\n","protected":false},"author":1,"featured_media":0,"parent":0,"menu_order":0,"comment_status":"closed","ping_status":"closed","template":"","meta":[],"_links":{"self":[{"href":"https:\/\/smartperformance.es\/index.php\/wp-json\/wp\/v2\/pages\/81"}],"collection":[{"href":"https:\/\/smartperformance.es\/index.php\/wp-json\/wp\/v2\/pages"}],"about":[{"href":"https:\/\/smartperformance.es\/index.php\/wp-json\/wp\/v2\/types\/page"}],"author":[{"embeddable":true,"href":"https:\/\/smartperformance.es\/index.php\/wp-json\/wp\/v2\/users\/1"}],"replies":[{"embeddable":true,"href":"https:\/\/smartperformance.es\/index.php\/wp-json\/wp\/v2\/comments?post=81"}],"version-history":[{"count":11,"href":"https:\/\/smartperformance.es\/index.php\/wp-json\/wp\/v2\/pages\/81\/revisions"}],"predecessor-version":[{"id":246,"href":"https:\/\/smartperformance.es\/index.php\/wp-json\/wp\/v2\/pages\/81\/revisions\/246"}],"wp:attachment":[{"href":"https:\/\/smartperformance.es\/index.php\/wp-json\/wp\/v2\/media?parent=81"}],"curies":[{"name":"wp","href":"https:\/\/api.w.org\/{rel}","templated":true}]}}