{"id":79,"date":"2019-09-16T13:56:25","date_gmt":"2019-09-16T13:56:25","guid":{"rendered":"https:\/\/smartperformance.es\/?page_id=79"},"modified":"2022-12-21T11:23:57","modified_gmt":"2022-12-21T11:23:57","slug":"quien-somos","status":"publish","type":"page","link":"https:\/\/smartperformance.es\/index.php\/quien-somos\/","title":{"rendered":"Qui\u00e9nes Somos"},"content":{"rendered":"<h3 style=\"text-align: center;\"><strong>Qui\u00e9nes somos<\/strong><\/h3>\n<p style=\"text-align: center;\">Somos un grupo de buenos <strong>amigos<\/strong>, apasionados por el <strong>rendimiento deportivo<\/strong> y con el af\u00e1n de <strong>ayudar<\/strong> a los dem\u00e1s a conseguir sus <strong>metas<\/strong>.<\/p>\n<p>&nbsp;<\/p>\n<table>\n<tbody>\n<tr>\n<td align=\"justify\" valign=\"top\" width=\"50%\">Contamos con m\u00e1s de 25 a\u00f1os de <strong>experiencia profesional<\/strong> a nivel local, estatal e <strong>internacional<\/strong> en la aplicaci\u00f3n <strong>pr\u00e1ctica<\/strong> de los procesos para <strong>optimizar<\/strong> el rendimiento <strong>individual<\/strong> y <strong>colectivo<\/strong> en distintos deportes (f\u00fatbol, atletismo, esqu\u00ed alpinismo, baloncesto, padel, ciclismo, running, motos, \u2026), edades (desde ni\u00f1os hasta adultos) y niveles de rendimiento (profesional\/alto rendimiento, amateur, federado, escolar).<\/td>\n<td width=\"50%\"><img loading=\"lazy\" class=\"alignnone wp-image-211 aligncenter\" src=\"https:\/\/smartperformance.es\/wp-content\/uploads\/2019\/09\/IMG_4194-300x225.jpg\" alt=\"\" width=\"364\" height=\"273\" srcset=\"https:\/\/smartperformance.es\/wp-content\/uploads\/2019\/09\/IMG_4194-300x225.jpg 300w, https:\/\/smartperformance.es\/wp-content\/uploads\/2019\/09\/IMG_4194-768x576.jpg 768w, https:\/\/smartperformance.es\/wp-content\/uploads\/2019\/09\/IMG_4194-1024x768.jpg 1024w\" sizes=\"(max-width: 364px) 100vw, 364px\" \/><\/td>\n<\/tr>\n<tr>\n<td valign=\"top\" width=\"50%\"><img loading=\"lazy\" class=\"alignnone wp-image-258\" src=\"https:\/\/smartperformance.es\/wp-content\/uploads\/2019\/09\/zara-300x225.jpg\" alt=\"\" width=\"416\" height=\"312\" srcset=\"https:\/\/smartperformance.es\/wp-content\/uploads\/2019\/09\/zara-300x225.jpg 300w, https:\/\/smartperformance.es\/wp-content\/uploads\/2019\/09\/zara-768x576.jpg 768w, https:\/\/smartperformance.es\/wp-content\/uploads\/2019\/09\/zara-1024x768.jpg 1024w\" sizes=\"(max-width: 416px) 100vw, 416px\" \/><\/td>\n<td align=\"justify\" width=\"50%\">Nuestra experiencia proviene de la combinaci\u00f3n tanto del \u00e1mbito del rendimiento deportivo, como del docente universitario y federativo, y de la investigaci\u00f3n aplicada, y se nutre de nuestro af\u00e1n desmesurado por ampliar el conocimiento sobre el rendimiento humano.<\/td>\n<\/tr>\n<\/tbody>\n<\/table>\n<table>\n<tbody>\n<tr>\n<td align=\"justify\" valign=\"top\" width=\"45%\">\n<h4><\/h4>\n<h4 style=\"text-align: center;\"><strong>Manuel Lapuente Sagarra<\/strong><\/h4>\n<p style=\"text-align: center;\"><img loading=\"lazy\" class=\"alignnone size-medium wp-image-262\" src=\"https:\/\/smartperformance.es\/wp-content\/uploads\/2019\/09\/IMG_7811-219x300.jpg\" alt=\"\" width=\"219\" height=\"300\" srcset=\"https:\/\/smartperformance.es\/wp-content\/uploads\/2019\/09\/IMG_7811-219x300.jpg 219w, https:\/\/smartperformance.es\/wp-content\/uploads\/2019\/09\/IMG_7811.jpg 635w\" sizes=\"(max-width: 219px) 100vw, 219px\" \/><\/p>\n<p><span style=\"font-weight: 400;\">Fundador de Smart Performance &amp; Sport Science (Consultor\u00eda Internacional de Rendimiento Deportivo).<\/span><\/p>\n<p>Preparador f\u00edsico \/ sport scientist en FC Barcelona.<\/p>\n<p><span style=\"font-weight: 400;\">Miembro del \u00c1rea de An\u00e1lisis del Rendimiento en la Real Federaci\u00f3n Espa\u00f1ola de Atletismo.<\/span><\/p>\n<p><span style=\"font-weight: 400;\">Ex preparador f\u00edsico \/ performance manager \/ sport scientist \/ S&amp;C de f\u00fatbol en Villarreal CF, Real Zaragoza, Panathinaikos (Grecia), Recreativo de Huelva, Getafe, Terek Grozny (Rusia), Neuchatel Xamax (Suiza), FC Sion (Suiza), Baniyas (UAE), C\u00e1diz CF.<\/span><\/p>\n<p><span style=\"font-weight: 400;\">Ex preparador f\u00edsico de la selecci\u00f3n andorrana de esqu\u00ed alpinismo, de atletismo, de motos (Raid Dakar), de ciclismo, de p\u00e1del, de baloncesto, entre otros deportes de competici\u00f3n.<\/span><\/p>\n<p>Ex profesor de Biomec\u00e1nica deportiva aplicada en INEFC Lleida.<\/p>\n<p><span style=\"font-weight: 400;\">Doctorando por la Universidad del Pa\u00eds Vasco, M\u00e1ster en Alto Rendimiento (Consejo Superior de Deportes\/Universidad Aut\u00f3noma de Madrid), Licenciado en Educaci\u00f3n F\u00edsica por el INEFC Lleida, entrenador nacional de atletismo y nivel 1 de f\u00fatbol, colegiado n\u00famero 5845.<\/span><\/p>\n<p><span style=\"font-weight: 400;\">Sus l\u00edneas de investigaci\u00f3n aplicada abarcan diversas \u00e1reas relacionadas con el rendimiento deportivo, utilizaci\u00f3n de la tecnolog\u00eda, f\u00fatbol, atletismo, baloncesto, metodolog\u00eda, etc. y actualmente participa y colabora con diversas organizaciones en distintos proyectos de investigaci\u00f3n.<\/span><\/p>\n<p>&nbsp;<\/p>\n<h4 style=\"text-align: center;\"><strong>David Paj\u00f3n Moreno<\/strong><\/h4>\n<p style=\"text-align: center;\"><img loading=\"lazy\" class=\"alignnone wp-image-639\" src=\"https:\/\/smartperformance.es\/wp-content\/uploads\/2021\/07\/IMG_3353.jpg\" alt=\"\" width=\"233\" height=\"194\" srcset=\"https:\/\/smartperformance.es\/wp-content\/uploads\/2021\/07\/IMG_3353.jpg 689w, https:\/\/smartperformance.es\/wp-content\/uploads\/2021\/07\/IMG_3353-300x251.jpg 300w, https:\/\/smartperformance.es\/wp-content\/uploads\/2021\/07\/IMG_3353-600x502.jpg 600w\" sizes=\"(max-width: 233px) 100vw, 233px\" \/><\/p>\n<p>Preparador f\u00edsico \/ Sport Scientist en C\u00e1diz CF.<\/p>\n<p>Ex \u2013 Preparador f\u00edsico del Gimn\u00e0stic de Tarragona (2\u00aa B RFEF), CF Reus Deportiu (2\u00aa Divisi\u00f3n), readaptador f\u00edsico del CF Reus Deportiu (2\u00aa Divis\u00f3n y 2\u00aa B RFEF).<\/p>\n<p>Estudiante de Doctorado en el INEFC Barcelona. L\u00ednea de investigaci\u00f3n vinculada al control de carga en f\u00fatbol profesional.<\/p>\n<p>Master RETAN (Rendimiento Deportivo, Tecnificaci\u00f3n y Alto Nivel) INEFC Barcelona. Graduado en Ciencias de la Actividad F\u00edsica y el Deporte INEFC Lleida.<\/p>\n<p><span style=\"font-weight: 400;\">Sus l\u00edneas de investigaci\u00f3n aplicada est\u00e1n orientadas al a<\/span>n\u00e1lisis de datos relacionados con el rendimiento, fatiga, lesionabilidad y desarrollo de nuevas propuestas metodol\u00f3gicas.<\/p>\n<p>&nbsp;<\/p>\n<h4 style=\"text-align: center;\"><strong>H\u00e9ctor Ortega Red\u00f3<\/strong><\/h4>\n<p><img loading=\"lazy\" class=\"alignnone size-full wp-image-651 aligncenter\" src=\"https:\/\/smartperformance.es\/wp-content\/uploads\/2021\/07\/Hector-Ortega-2.jpg\" alt=\"\" width=\"220\" height=\"223\" srcset=\"https:\/\/smartperformance.es\/wp-content\/uploads\/2021\/07\/Hector-Ortega-2.jpg 220w, https:\/\/smartperformance.es\/wp-content\/uploads\/2021\/07\/Hector-Ortega-2-100x100.jpg 100w\" sizes=\"(max-width: 220px) 100vw, 220px\" \/><\/p>\n<p>Ex \u2013 Preparador f\u00edsico en Sichuan Football Association (China), Beijing Sports University FC Academy (China), Shabab Al Ahli Dubai U21 (UAE) y Shabab Al Ahli Dubai (UAE).<\/p>\n<p>Master FSI (Preparaci\u00f3n f\u00edsica en f\u00fatbol). Graduado en Ciencias de la Actividad F\u00edsica y el Deporte INEFC Barcelona. Nivel 1 de f\u00fatbol y colegiado n\u00famero 58990.<\/p>\n<p>Sus l\u00edneas de investigaci\u00f3n aplicada est\u00e1n orientadas al an\u00e1lisis de datos relacionados con el rendimiento y su aplicaci\u00f3n en el entrenamiento.<\/p>\n<p style=\"text-align: center;\">\n<\/td>\n<td width=\"10%\"><\/td>\n<td valign=\"top\" width=\"45%\">\n<h4><\/h4>\n<h4 style=\"text-align: center;\"><strong>Miguel \u00c1ngel Campos V\u00e1zquez<\/strong><br \/>\n<img loading=\"lazy\" class=\" wp-image-263 aligncenter\" src=\"https:\/\/smartperformance.es\/wp-content\/uploads\/2019\/09\/Miguel-\u00c1ngel-Campos-V\u00e1zquez-2.jpg\" alt=\"\" width=\"287\" height=\"287\" srcset=\"https:\/\/smartperformance.es\/wp-content\/uploads\/2019\/09\/Miguel-\u00c1ngel-Campos-V\u00e1zquez-2.jpg 152w, https:\/\/smartperformance.es\/wp-content\/uploads\/2019\/09\/Miguel-\u00c1ngel-Campos-V\u00e1zquez-2-150x150.jpg 150w, https:\/\/smartperformance.es\/wp-content\/uploads\/2019\/09\/Miguel-\u00c1ngel-Campos-V\u00e1zquez-2-100x100.jpg 100w\" sizes=\"(max-width: 287px) 100vw, 287px\" \/><\/h4>\n<p>&nbsp;<\/p>\n<p><span style=\"font-weight: 400;\">Preparador f\u00edsico del C\u00e1diz CF y profesor asociado de la Universidad Pablo de Olavide (Sevilla).<\/span><\/p>\n<p><span style=\"font-weight: 400;\">Ex \u2013 preparador f\u00edsico y entrenador ayudante en Selecci\u00f3n Nacional de Argelia. Ex \u2013 preparador f\u00edsico en Granada CF, UD Almer\u00eda, UD Levante, Recreativo de Huelva, R\u00e1cing de Santander, Real Murcia y Xerez CD (1\u00aa y 2\u00aa Divisi\u00f3n espa\u00f1ola).<\/span><\/p>\n<p><span style=\"font-weight: 400;\">Doctor en Ciencias del Deporte, M\u00e1ster en Rendimiento F\u00edsico y Deportivo (UPO) y M\u00e1ster en Prevenci\u00f3n y Readaptaci\u00f3n de Lesiones en F\u00fatbol (FEF-UCLM), entrenador Nivel II de f\u00fatbol y entrenador nacional de triatl\u00f3n.<\/span><\/p>\n<p><span style=\"font-weight: 400;\">Sus l\u00edneas de investigaci\u00f3n est\u00e1n relacionadas con el control de la carga externa e interna de entrenamiento, y actualmente participa y colabora en distintos proyectos de investigaci\u00f3n.<\/span><\/p>\n<p><span style=\"font-weight: 400;\">Autor del libro: \u201cReflexiones sobre la teor\u00eda y pr\u00e1ctica del entrenamiento para el f\u00fatbol actual\u201d. Editorial MC Sports. 2019<\/span><\/p>\n<p>&nbsp;<\/p>\n<p>&nbsp;<\/p>\n<p>&nbsp;<\/p>\n<p>&nbsp;<\/p>\n<p>&nbsp;<\/p>\n<p>&nbsp;<\/p>\n<p>&nbsp;<\/p>\n<h4 style=\"text-align: center;\"><strong>Norbert Callau Arb\u00f3<\/strong><\/h4>\n<p><img loading=\"lazy\" class=\"wp-image-645 aligncenter\" src=\"https:\/\/smartperformance.es\/wp-content\/uploads\/2021\/07\/IMG_3354.jpg\" alt=\"\" width=\"201\" height=\"210\" srcset=\"https:\/\/smartperformance.es\/wp-content\/uploads\/2021\/07\/IMG_3354.jpg 1599w, https:\/\/smartperformance.es\/wp-content\/uploads\/2021\/07\/IMG_3354-288x300.jpg 288w, https:\/\/smartperformance.es\/wp-content\/uploads\/2021\/07\/IMG_3354-982x1024.jpg 982w, https:\/\/smartperformance.es\/wp-content\/uploads\/2021\/07\/IMG_3354-768x801.jpg 768w, https:\/\/smartperformance.es\/wp-content\/uploads\/2021\/07\/IMG_3354-1472x1536.jpg 1472w, https:\/\/smartperformance.es\/wp-content\/uploads\/2021\/07\/IMG_3354-600x626.jpg 600w\" sizes=\"(max-width: 201px) 100vw, 201px\" \/><\/p>\n<p>Preparador f\u00edsico \/ Sports Scientist en AEK Larnaca CF (Chipre).<\/p>\n<p>Ex-preparador f\u00edsico en CF Pobla Mafumet (3\u00aa Divisi\u00f3n) y Gimn\u00e0stic de Tarragona (Juvenil Divisi\u00f3n Honor).<\/p>\n<p>M\u00e1ster Alto Rendimiento Deportivo en Deportes de Equipo (Mastercede &amp; INEFC Barcelona &amp; FC Barcelona); M\u00e1ster Profesional en Futbol (FC Barcelona &amp; INEFC Barcelona); Entrenador UEFA Pro (FCF &amp; RFEF). Graduado en Ciencias de la Actividad F\u00edsica y el Deporte (INEFC Barcelona).<\/p>\n<p>Su actual l\u00ednea de investigaci\u00f3n est\u00e1 orientada al an\u00e1lisis de las acciones de alta intensidad en los escenarios de m\u00e1xima exigencia y su relaci\u00f3n con aspectos t\u00e1cticos del juego.<\/p>\n<p>&nbsp;<\/p>\n<p>&nbsp;<\/p>\n<h4 style=\"text-align: center;\"><strong>Edu Caro Balada<\/strong><\/h4>\n<p><img loading=\"lazy\" class=\"alignnone wp-image-658 aligncenter\" src=\"https:\/\/smartperformance.es\/wp-content\/uploads\/2021\/07\/Edu-Caro.jpg\" alt=\"\" width=\"291\" height=\"231\" srcset=\"https:\/\/smartperformance.es\/wp-content\/uploads\/2021\/07\/Edu-Caro.jpg 336w, https:\/\/smartperformance.es\/wp-content\/uploads\/2021\/07\/Edu-Caro-300x238.jpg 300w\" sizes=\"(max-width: 291px) 100vw, 291px\" \/><\/p>\n<p>Preparador f\u00edsico \/ Sport Scientist en Neftchi Bak\u00fa FC.<\/p>\n<p>Ex- Preparador f\u00edsico en Gen\u00e7erbiriligi (Super Liga turca), Sumqayit (Premier league de Azerbaijan), Al-Hilal (Arabia Saud\u00ed), Terrassa y Gav\u00e0 (3\u00ba divisi\u00f3n espa\u00f1ola)<\/p>\n<p>Doctorando en INEFC de Barcelona. L\u00ednea de investigaci\u00f3n relacionada con periodos de alta exigencia en competici\u00f3n y entrenamiento del f\u00fatbol.\u00a0 Estudiante del grado en ciencias de los datos aplicada (Data Science) (UOC)<\/p>\n<p>M\u00e1ster en alto rendimiento en deportes de equipo, Mastercede (INEFC de Barcelona y F.C Barcelona)<br \/>\nM\u00e1ster en tecnificaci\u00f3n y alto rendimiento, RETAN (INEFC de Barcelona).<br \/>\nGraduado en Ciencias de la actividad f\u00edsica y el deporte (INEFC Barcelona) Num. Colegiado 63100.<\/p>\n<p>&nbsp;<\/td>\n<\/tr>\n<\/tbody>\n<\/table>\n<p style=\"text-align: center;\">\n","protected":false},"excerpt":{"rendered":"<p>Qui\u00e9nes somos Somos un grupo de buenos amigos, apasionados por el rendimiento deportivo y con el af\u00e1n de ayudar a los dem\u00e1s a conseguir sus metas. &nbsp; Contamos con m\u00e1s de 25 a\u00f1os de experiencia profesional a nivel local, estatal e internacional en la aplicaci\u00f3n pr\u00e1ctica de los procesos para optimizar el rendimiento individual y [&hellip;]<\/p>\n","protected":false},"author":1,"featured_media":0,"parent":0,"menu_order":0,"comment_status":"closed","ping_status":"closed","template":"","meta":[],"_links":{"self":[{"href":"https:\/\/smartperformance.es\/index.php\/wp-json\/wp\/v2\/pages\/79"}],"collection":[{"href":"https:\/\/smartperformance.es\/index.php\/wp-json\/wp\/v2\/pages"}],"about":[{"href":"https:\/\/smartperformance.es\/index.php\/wp-json\/wp\/v2\/types\/page"}],"author":[{"embeddable":true,"href":"https:\/\/smartperformance.es\/index.php\/wp-json\/wp\/v2\/users\/1"}],"replies":[{"embeddable":true,"href":"https:\/\/smartperformance.es\/index.php\/wp-json\/wp\/v2\/comments?post=79"}],"version-history":[{"count":28,"href":"https:\/\/smartperformance.es\/index.php\/wp-json\/wp\/v2\/pages\/79\/revisions"}],"predecessor-version":[{"id":664,"href":"https:\/\/smartperformance.es\/index.php\/wp-json\/wp\/v2\/pages\/79\/revisions\/664"}],"wp:attachment":[{"href":"https:\/\/smartperformance.es\/index.php\/wp-json\/wp\/v2\/media?parent=79"}],"curies":[{"name":"wp","href":"https:\/\/api.w.org\/{rel}","templated":true}]}}