{"id":59,"date":"2019-09-16T10:03:24","date_gmt":"2019-09-16T10:03:24","guid":{"rendered":"https:\/\/smartperformance.es\/?page_id=59"},"modified":"2022-12-21T11:23:57","modified_gmt":"2022-12-21T11:23:57","slug":"inicio","status":"publish","type":"page","link":"https:\/\/smartperformance.es\/","title":{"rendered":"Inicio"},"content":{"rendered":"<h3 style=\"text-align: center;\"><strong>Qui\u00e9nes somos<\/strong><\/h3>\n<p style=\"text-align: center;\">Somos un grupo de buenos\u00a0<strong>amigos<\/strong>, apasionados por el\u00a0<strong>rendimiento deportivo<\/strong>\u00a0y con el af\u00e1n de\u00a0<strong>ayudar<\/strong>\u00a0a los dem\u00e1s a conseguir sus\u00a0<strong>metas<\/strong>.<\/p>\n<table>\n<tbody>\n<tr>\n<td valign=\"top\" width=\"50%\"><img loading=\"lazy\" class=\"size-medium wp-image-211 aligncenter\" src=\"https:\/\/smartperformance.es\/wp-content\/uploads\/2019\/09\/IMG_4194-300x225.jpg\" alt=\"\" width=\"300\" height=\"225\" srcset=\"https:\/\/smartperformance.es\/wp-content\/uploads\/2019\/09\/IMG_4194-300x225.jpg 300w, https:\/\/smartperformance.es\/wp-content\/uploads\/2019\/09\/IMG_4194-768x576.jpg 768w, https:\/\/smartperformance.es\/wp-content\/uploads\/2019\/09\/IMG_4194-1024x768.jpg 1024w\" sizes=\"(max-width: 300px) 100vw, 300px\" \/><\/td>\n<td width=\"50%\"><img loading=\"lazy\" class=\"size-medium wp-image-258 aligncenter\" src=\"https:\/\/smartperformance.es\/wp-content\/uploads\/2019\/09\/zara-300x225.jpg\" alt=\"\" width=\"300\" height=\"225\" srcset=\"https:\/\/smartperformance.es\/wp-content\/uploads\/2019\/09\/zara-300x225.jpg 300w, https:\/\/smartperformance.es\/wp-content\/uploads\/2019\/09\/zara-768x576.jpg 768w, https:\/\/smartperformance.es\/wp-content\/uploads\/2019\/09\/zara-1024x768.jpg 1024w\" sizes=\"(max-width: 300px) 100vw, 300px\" \/><\/td>\n<\/tr>\n<\/tbody>\n<\/table>\n<p style=\"text-align: center;\"><a href=\"https:\/\/smartperformance.es\/index.php\/quien-somos\/\">Leer m\u00e1s &#8230;<\/a><\/p>\n<h3 style=\"text-align: center;\"><strong>Qu\u00e9 hacemos<\/strong><\/h3>\n<p style=\"text-align: center;\">Ofrecemos nuestro\u00a0<strong>esfuerzo<\/strong>,\u00a0<strong>experiencia<\/strong>\u00a0y\u00a0<strong>conocimiento<\/strong>\u00a0para colaborar en la b\u00fasqueda de\u00a0<strong>soluciones<\/strong> adaptadas a tus necesidades o\/y las de tu equipo, club, organizaci\u00f3n o empresa.<\/p>\n<table>\n<tbody>\n<tr>\n<td valign=\"top\" width=\"50%\"><img loading=\"lazy\" class=\"size-medium wp-image-218 aligncenter\" src=\"https:\/\/smartperformance.es\/wp-content\/uploads\/2019\/09\/IMG_4604-300x225.jpg\" alt=\"\" width=\"300\" height=\"225\" srcset=\"https:\/\/smartperformance.es\/wp-content\/uploads\/2019\/09\/IMG_4604-300x225.jpg 300w, https:\/\/smartperformance.es\/wp-content\/uploads\/2019\/09\/IMG_4604-768x576.jpg 768w, https:\/\/smartperformance.es\/wp-content\/uploads\/2019\/09\/IMG_4604-1024x768.jpg 1024w\" sizes=\"(max-width: 300px) 100vw, 300px\" \/><\/td>\n<td width=\"50%\"><img loading=\"lazy\" class=\"size-medium wp-image-219 aligncenter\" src=\"https:\/\/smartperformance.es\/wp-content\/uploads\/2019\/09\/IQRE8875-300x225.jpg\" alt=\"\" width=\"300\" height=\"225\" srcset=\"https:\/\/smartperformance.es\/wp-content\/uploads\/2019\/09\/IQRE8875-300x225.jpg 300w, https:\/\/smartperformance.es\/wp-content\/uploads\/2019\/09\/IQRE8875-768x576.jpg 768w, https:\/\/smartperformance.es\/wp-content\/uploads\/2019\/09\/IQRE8875-1024x768.jpg 1024w, https:\/\/smartperformance.es\/wp-content\/uploads\/2019\/09\/IQRE8875.jpg 1600w\" sizes=\"(max-width: 300px) 100vw, 300px\" \/><\/td>\n<\/tr>\n<\/tbody>\n<\/table>\n<p style=\"text-align: center;\"><a href=\"https:\/\/smartperformance.es\/index.php\/que-hacemos\/\">Leer m\u00e1s &#8230;<\/a><\/p>\n<h3 style=\"text-align: center;\"><strong>C\u00f3mo lo hacemos<\/strong><\/h3>\n<p style=\"text-align: center;\">Por medio de un enfoque\u00a0<strong>hol\u00edstico<\/strong>\u00a0y\u00a0<strong>sist\u00e9mico,<\/strong>\u00a0y teniendo en cuenta el\u00a0<strong>contexto<\/strong>\u00a0particular de cada situaci\u00f3n, analizamos, debatimos, proponemos e implementamos soluciones concretas a los retos con los que nos enfrentamos.<\/p>\n<table>\n<tbody>\n<tr>\n<td valign=\"top\" width=\"50%\"><img loading=\"lazy\" class=\"size-medium wp-image-222 aligncenter\" src=\"https:\/\/smartperformance.es\/wp-content\/uploads\/2019\/09\/IMG_0424-300x225.jpg\" alt=\"\" width=\"300\" height=\"225\" srcset=\"https:\/\/smartperformance.es\/wp-content\/uploads\/2019\/09\/IMG_0424-300x225.jpg 300w, https:\/\/smartperformance.es\/wp-content\/uploads\/2019\/09\/IMG_0424-768x576.jpg 768w, https:\/\/smartperformance.es\/wp-content\/uploads\/2019\/09\/IMG_0424-1024x768.jpg 1024w\" sizes=\"(max-width: 300px) 100vw, 300px\" \/><\/td>\n<td width=\"50%\"><img loading=\"lazy\" class=\"size-medium wp-image-223 aligncenter\" src=\"https:\/\/smartperformance.es\/wp-content\/uploads\/2019\/09\/IMG_7504-300x225.jpg\" alt=\"\" width=\"300\" height=\"225\" srcset=\"https:\/\/smartperformance.es\/wp-content\/uploads\/2019\/09\/IMG_7504-300x225.jpg 300w, https:\/\/smartperformance.es\/wp-content\/uploads\/2019\/09\/IMG_7504-768x576.jpg 768w, https:\/\/smartperformance.es\/wp-content\/uploads\/2019\/09\/IMG_7504-1024x768.jpg 1024w\" sizes=\"(max-width: 300px) 100vw, 300px\" \/><\/td>\n<\/tr>\n<\/tbody>\n<\/table>\n<p style=\"text-align: center;\"><a href=\"https:\/\/smartperformance.es\/index.php\/como-lo-hacemos\/\">Leer m\u00e1s &#8230;<\/a><\/p>\n","protected":false},"excerpt":{"rendered":"<p>Qui\u00e9nes somos Somos un grupo de buenos\u00a0amigos, apasionados por el\u00a0rendimiento deportivo\u00a0y con el af\u00e1n de\u00a0ayudar\u00a0a los dem\u00e1s a conseguir sus\u00a0metas. Leer m\u00e1s &#8230; Qu\u00e9 hacemos Ofrecemos nuestro\u00a0esfuerzo,\u00a0experiencia\u00a0y\u00a0conocimiento\u00a0para colaborar en la b\u00fasqueda de\u00a0soluciones adaptadas a tus necesidades o\/y las de tu equipo, club, organizaci\u00f3n o empresa. Leer m\u00e1s &#8230; C\u00f3mo lo hacemos Por medio de un [&hellip;]<\/p>\n","protected":false},"author":1,"featured_media":0,"parent":0,"menu_order":0,"comment_status":"closed","ping_status":"closed","template":"","meta":[],"_links":{"self":[{"href":"https:\/\/smartperformance.es\/index.php\/wp-json\/wp\/v2\/pages\/59"}],"collection":[{"href":"https:\/\/smartperformance.es\/index.php\/wp-json\/wp\/v2\/pages"}],"about":[{"href":"https:\/\/smartperformance.es\/index.php\/wp-json\/wp\/v2\/types\/page"}],"author":[{"embeddable":true,"href":"https:\/\/smartperformance.es\/index.php\/wp-json\/wp\/v2\/users\/1"}],"replies":[{"embeddable":true,"href":"https:\/\/smartperformance.es\/index.php\/wp-json\/wp\/v2\/comments?post=59"}],"version-history":[{"count":10,"href":"https:\/\/smartperformance.es\/index.php\/wp-json\/wp\/v2\/pages\/59\/revisions"}],"predecessor-version":[{"id":504,"href":"https:\/\/smartperformance.es\/index.php\/wp-json\/wp\/v2\/pages\/59\/revisions\/504"}],"wp:attachment":[{"href":"https:\/\/smartperformance.es\/index.php\/wp-json\/wp\/v2\/media?parent=59"}],"curies":[{"name":"wp","href":"https:\/\/api.w.org\/{rel}","templated":true}]}}