{"id":541,"date":"2019-11-08T10:09:21","date_gmt":"2019-11-08T10:09:21","guid":{"rendered":"https:\/\/smartperformance.es\/?page_id=541"},"modified":"2019-11-08T10:09:21","modified_gmt":"2019-11-08T10:09:21","slug":"testimonials","status":"publish","type":"page","link":"https:\/\/smartperformance.es\/index.php\/en\/testimonials\/","title":{"rendered":"Testimonials"},"content":{"rendered":"<h2>Testimonials<\/h2>\n<p>Share your experience with us:<\/p>\n<h3>Ruben Peeters KRC Genk Fitness Coach (Belgium)<\/h3>\n<p>Smart Performance GPS monitoring Mentorship it\u2019s a very good opportunity to have great insights on how to implement in real life setting GPS monitoring for optimizing performance and your own training methodology.<\/p>\n<p>They are very open minded and they share all their knowledge achieved in different top level sports, what let you also meet new colleagues &amp; friends. Enjoy!<\/p>\n<h3>H\u00e9ctor Ortega Al Shabab Al Ahli Dubai Club Fitness Coach &amp; Sport Scientist (UAE)<\/h3>\n<p>I think Touch&amp;Play programme from Smart Performance was a big step for me in knowledge and mainly at a practice level, because we learnt from the practice in the pitch daily. All the theoretical aspects where applied in practical sessions with different players and teams.<\/p>\n<p>Improving the individual performance, team performance, new technologies, scientific evidence\u2026 All applied to our real work: the training ground.<\/p>\n<p>Without any doubt it was a massive experience that complemented what I learned at the University, and it helped me to enjoy my first professional experience in China, with Manuel Lapuente as a mentor.\u201d<\/p>\n<h3>Javier Agenjo Fenerbah\u00e7e SK Academy Head Fitness Coach (Turkey)<\/h3>\n<p>Durante los Mentorships de Smart Performance encontrareis m\u00e1xima calidad (lo que buscamos en este tipo de formaciones) y ambiente c\u00e1lido. 100% recomendable, no lo dudes!<\/p>\n<h3>Adri\u00e1n Aguirre Preparador f\u00edsico Terrasa FC (Spain)<\/h3>\n<p>Al haber realizado el programa Touch&amp;Play de Smart Performance, liderado por Manuel Lapuente, tengo la sensaci\u00f3n de haber acumulado la experiencia y conocimiento de 10 a\u00f1os en 1 sola temporada.<\/p>\n<h3>Anton Matinlauri HJK Helsinki Head of Performance &amp; Fitness Coach (Finland)<\/h3>\n<p>Now officially Finnish champs. Thanks for your help, that I always appreciate!<\/p>\n<h3>Joel Don\u00e9s Preparador f\u00edsico Kaptiva Sport Academy (Spain)<\/h3>\n<p>El Mentorship de preparaci\u00f3n f\u00edsica y GPS organizado por Smart Performance me ha servido para conocer en profundidad c\u00f3mo optimizar la utilizaci\u00f3n de los sistemas GPS, y os animo a que disfrut\u00e9is como yo del proceso y del aprendizaje. Lo aprovechar\u00e9is al m\u00e1ximo!<\/p>\n<h3>Francisco Piqueras Preparador f\u00edsico y Sport Scientist (Spain)<\/h3>\n<p>Os recomiendo realizar el Mentorship de Smart Performance sobre GPS y preparaci\u00f3n f\u00edsica de la mano de Manuel Lapuente y Miguel \u00c1ngel Campos por lo que ha supuesto para m\u00ed. Tendr\u00e1s el 100% de \u00e9xito asegurado!<\/p>\n","protected":false},"excerpt":{"rendered":"<p>Testimonials Share your experience with us: Ruben Peeters KRC Genk Fitness Coach (Belgium) Smart Performance GPS monitoring Mentorship it\u2019s a very good opportunity to have great insights on how to implement in real life setting GPS monitoring for optimizing performance and your own training methodology. They are very open minded and they share all their [&hellip;]<\/p>\n","protected":false},"author":2,"featured_media":0,"parent":0,"menu_order":0,"comment_status":"closed","ping_status":"closed","template":"","meta":[],"_links":{"self":[{"href":"https:\/\/smartperformance.es\/index.php\/wp-json\/wp\/v2\/pages\/541"}],"collection":[{"href":"https:\/\/smartperformance.es\/index.php\/wp-json\/wp\/v2\/pages"}],"about":[{"href":"https:\/\/smartperformance.es\/index.php\/wp-json\/wp\/v2\/types\/page"}],"author":[{"embeddable":true,"href":"https:\/\/smartperformance.es\/index.php\/wp-json\/wp\/v2\/users\/2"}],"replies":[{"embeddable":true,"href":"https:\/\/smartperformance.es\/index.php\/wp-json\/wp\/v2\/comments?post=541"}],"version-history":[{"count":1,"href":"https:\/\/smartperformance.es\/index.php\/wp-json\/wp\/v2\/pages\/541\/revisions"}],"predecessor-version":[{"id":543,"href":"https:\/\/smartperformance.es\/index.php\/wp-json\/wp\/v2\/pages\/541\/revisions\/543"}],"wp:attachment":[{"href":"https:\/\/smartperformance.es\/index.php\/wp-json\/wp\/v2\/media?parent=541"}],"curies":[{"name":"wp","href":"https:\/\/api.w.org\/{rel}","templated":true}]}}