{"id":2,"date":"2019-09-10T15:55:18","date_gmt":"2019-09-10T15:55:18","guid":{"rendered":"https:\/\/smartperformance.es\/?page_id=2"},"modified":"2019-09-27T09:43:39","modified_gmt":"2019-09-27T09:43:39","slug":"sample-page","status":"publish","type":"page","link":"https:\/\/smartperformance.es\/index.php\/sample-page\/","title":{"rendered":"Servicios"},"content":{"rendered":"\r\n<h2 style=\"text-align: center;\"><span style=\"color: #000000;\"><strong>Servicios<\/strong><\/span><\/h2>\r\n<table>\r\n<tbody>\r\n<tr>\r\n<td align=\"justify\" valign=\"top\" width=\"45%\">\r\n<h4 style=\"text-align: center;\"><span style=\"color: #5b9bd5;\"><strong>Consultor\u00eda<\/strong><\/span><\/h4>\r\n<p>Ante un contexto\/situaci\u00f3n particular, analizamos, planteamos y debatimos soluciones concretas basadas en el conocimiento y experiencia acumulados.<\/p>\r\n<p>Realizamos consultas \u201conline\u201d\/\u201con site\u201d, junto con la posibilidad de incluir otras actuaciones (formaci\u00f3n especializada, an\u00e1lisis y optimizaci\u00f3n del rendimiento, evaluaciones y entrenamiento, \u2026) cuando la situaci\u00f3n\/contexto lo requiere.<\/p>\r\n<p>Formaci\u00f3n especializada<\/p>\r\n<p>Para aquellos que buscan la excelencia, ofrecemos distintas opciones de cursos de formaci\u00f3n especializada en rendimiento deportivo, que adaptamos a las necesidades y contexto que se presentan.<\/p>\r\n<p><img loading=\"lazy\" class=\"alignnone  wp-image-426\" src=\"https:\/\/smartperformance.es\/wp-content\/uploads\/2019\/09\/NC17_0713_PRO_GPS_098-300x200.jpg\" alt=\"\" width=\"383\" height=\"255\" srcset=\"https:\/\/smartperformance.es\/wp-content\/uploads\/2019\/09\/NC17_0713_PRO_GPS_098-300x200.jpg 300w, https:\/\/smartperformance.es\/wp-content\/uploads\/2019\/09\/NC17_0713_PRO_GPS_098-768x512.jpg 768w, https:\/\/smartperformance.es\/wp-content\/uploads\/2019\/09\/NC17_0713_PRO_GPS_098-1024x683.jpg 1024w, https:\/\/smartperformance.es\/wp-content\/uploads\/2019\/09\/NC17_0713_PRO_GPS_098.jpg 2000w\" sizes=\"(max-width: 383px) 100vw, 383px\" \/><\/p>\r\n<p>&nbsp;<\/p>\r\n<\/td>\r\n<td width=\"10%\">\r\n<h4 style=\"text-align: center;\"><strong>\u00a0<\/strong><\/h4>\r\n<\/td>\r\n<td align=\"justify\" valign=\"top\" width=\"45%\">\r\n<h4 style=\"text-align: center;\"><span style=\"color: #5b9bd5;\"><strong>Formaci\u00f3n especializada<\/strong><\/span><\/h4>\r\n<p>Para aquellos que buscan la excelencia, ofrecemos distintas opciones de cursos de formaci\u00f3n especializada en rendimiento deportivo, que adaptamos a las necesidades y contexto que se presentan.<\/p>\r\n<p><img loading=\"lazy\" class=\"size-medium wp-image-405 aligncenter\" src=\"https:\/\/smartperformance.es\/wp-content\/uploads\/2019\/09\/IMG_20161212_194303-300x225.jpg\" alt=\"\" width=\"300\" height=\"225\" srcset=\"https:\/\/smartperformance.es\/wp-content\/uploads\/2019\/09\/IMG_20161212_194303-300x225.jpg 300w, https:\/\/smartperformance.es\/wp-content\/uploads\/2019\/09\/IMG_20161212_194303-768x576.jpg 768w, https:\/\/smartperformance.es\/wp-content\/uploads\/2019\/09\/IMG_20161212_194303-1024x768.jpg 1024w\" sizes=\"(max-width: 300px) 100vw, 300px\" \/><\/p>\r\n<p><span style=\"color: #5b9bd5;\"><strong>Contenidos:<\/strong><\/span><\/p>\r\n<p>GPS y preparaci\u00f3n f\u00edsica<\/p>\r\n<p>Metodolog\u00eda del entrenamiento espec\u00edfico en f\u00fatbol<\/p>\r\n<p>Entrenamiento de fuerza y coordinaci\u00f3n<\/p>\r\n<p>Periodizaci\u00f3n espec\u00edfica en f\u00fatbol<\/p>\r\n<p>Entrenamiento de agilidad y velocidad<\/p>\r\n<p>Tecnolog\u00eda aplicada al rendimiento<\/p>\r\n<p>Resistencia y su desarrollo en f\u00fatbol<\/p>\r\n<p>Otros<\/p>\r\n<p><img loading=\"lazy\" class=\"alignnone  wp-image-388\" src=\"https:\/\/smartperformance.es\/wp-content\/uploads\/2019\/09\/IMG_6910-300x225.jpg\" alt=\"\" width=\"386\" height=\"289\" srcset=\"https:\/\/smartperformance.es\/wp-content\/uploads\/2019\/09\/IMG_6910-300x225.jpg 300w, https:\/\/smartperformance.es\/wp-content\/uploads\/2019\/09\/IMG_6910-768x576.jpg 768w, https:\/\/smartperformance.es\/wp-content\/uploads\/2019\/09\/IMG_6910-1024x768.jpg 1024w, https:\/\/smartperformance.es\/wp-content\/uploads\/2019\/09\/IMG_6910.jpg 2048w\" sizes=\"(max-width: 386px) 100vw, 386px\" \/><\/p>\r\n<p><span style=\"color: #5b9bd5;\"><strong>Formato:<\/strong><\/span><\/p>\r\n<p>Mentorships (esencial 1 d\u00eda, avanzado 4 d\u00edas, m\u00e1ster 2 semanas, otros)<\/p>\r\n<p>Talleres pr\u00e1cticos (b\u00e1sico 2h, avanzado 4h)<\/p>\r\n<p>Seminarios (1 d\u00eda)<\/p>\r\n<p>Otras opciones<\/p>\r\n<\/td>\r\n<\/tr>\r\n<tr>\r\n<td align=\"justify\" valign=\"top\" width=\"45%\">\r\n<h4 style=\"text-align: center;\"><span style=\"color: #5b9bd5;\"><strong>An\u00e1lisis y optimizaci\u00f3n del rendimiento<\/strong><\/span><\/h4>\r\n<p>Mediante la obtenci\u00f3n de datos de competici\u00f3n y\/o de entrenamiento (principalmente utilizando tecnolog\u00eda EPTS\/GPS, video an\u00e1lisis), analizamos, evaluamos y proponemos soluciones de car\u00e1cter metodol\u00f3gico en funci\u00f3n del contexto para optimizar el rendimiento colectivo e individual.<\/p>\r\n<p><img loading=\"lazy\" class=\" wp-image-470 aligncenter\" src=\"https:\/\/smartperformance.es\/wp-content\/uploads\/2019\/09\/Optimizaci\u00f3n-rendimiento-GPS-300x169.jpg\" alt=\"\" width=\"395\" height=\"222\" srcset=\"https:\/\/smartperformance.es\/wp-content\/uploads\/2019\/09\/Optimizaci\u00f3n-rendimiento-GPS-300x169.jpg 300w, https:\/\/smartperformance.es\/wp-content\/uploads\/2019\/09\/Optimizaci\u00f3n-rendimiento-GPS-768x432.jpg 768w, https:\/\/smartperformance.es\/wp-content\/uploads\/2019\/09\/Optimizaci\u00f3n-rendimiento-GPS-1024x576.jpg 1024w, https:\/\/smartperformance.es\/wp-content\/uploads\/2019\/09\/Optimizaci\u00f3n-rendimiento-GPS.jpg 1920w\" sizes=\"(max-width: 395px) 100vw, 395px\" \/><\/p>\r\n<p><strong><span style=\"color: #5b9bd5;\">Opciones:<\/span><\/strong><\/p>\r\n<p>Condicional<\/p>\r\n<p>T\u00e1ctico<\/p>\r\n<p>Otras<\/p>\r\n<p><strong>\u00a0<\/strong><\/p>\r\n<\/td>\r\n<td width=\"10%\">\r\n<p><strong>\u00a0<\/strong><\/p>\r\n<\/td>\r\n<td align=\"justify\" valign=\"top\" width=\"45%\">\r\n<h4 style=\"text-align: center;\"><span style=\"color: #5b9bd5;\"><strong>Evaluaciones y entrenamiento<\/strong><\/span><\/h4>\r\n<p>Realizamos evaluaciones de car\u00e1cter condicional (perfil FVP en el salto y en el sprint, perfil neuromuscular, asimetr\u00edas \u2026) y biomec\u00e1nico (sprint, salto, cambio de direcci\u00f3n, EMG y asimetr\u00edas, otras), mediante el uso de tecnolog\u00eda avanzada.<\/p>\r\n<p>\u00a0<img loading=\"lazy\" class=\"wp-image-400 aligncenter\" src=\"https:\/\/smartperformance.es\/wp-content\/uploads\/2019\/09\/IMG_9446-300x225.jpg\" alt=\"\" width=\"306\" height=\"230\" srcset=\"https:\/\/smartperformance.es\/wp-content\/uploads\/2019\/09\/IMG_9446-300x225.jpg 300w, https:\/\/smartperformance.es\/wp-content\/uploads\/2019\/09\/IMG_9446-768x576.jpg 768w, https:\/\/smartperformance.es\/wp-content\/uploads\/2019\/09\/IMG_9446.jpg 1024w\" sizes=\"(max-width: 306px) 100vw, 306px\" \/><\/p>\r\n<p>Igualmente ofrecemos la posibilidad de realizar sesiones de entrenamiento dirigidas, tanto a nivel individual como en peque\u00f1os grupos o de forma colectiva, orientadas tanto a la optimizaci\u00f3n del rendimiento individual seg\u00fan el perfil del deportista, el deporte, el historial de lesiones, su contexto \u2026 como al desarrollo de un aspecto determinado (t\u00e9cnica de carrera\/velocidad, fuerza exc\u00e9ntrica, fuerza y coordinaci\u00f3n, \u2026).<\/p>\r\n<p><strong>\u00a0 \u00a0 <img loading=\"lazy\" class=\"size-medium wp-image-331 aligncenter\" src=\"https:\/\/smartperformance.es\/wp-content\/uploads\/2019\/09\/DSC_0108-300x300.jpg\" alt=\"\" width=\"300\" height=\"300\" srcset=\"https:\/\/smartperformance.es\/wp-content\/uploads\/2019\/09\/DSC_0108-300x300.jpg 300w, https:\/\/smartperformance.es\/wp-content\/uploads\/2019\/09\/DSC_0108-150x150.jpg 150w, https:\/\/smartperformance.es\/wp-content\/uploads\/2019\/09\/DSC_0108-768x768.jpg 768w, https:\/\/smartperformance.es\/wp-content\/uploads\/2019\/09\/DSC_0108-1024x1024.jpg 1024w, https:\/\/smartperformance.es\/wp-content\/uploads\/2019\/09\/DSC_0108-400x400.jpg 400w, https:\/\/smartperformance.es\/wp-content\/uploads\/2019\/09\/DSC_0108-100x100.jpg 100w\" sizes=\"(max-width: 300px) 100vw, 300px\" \/><img loading=\"lazy\" class=\"size-medium wp-image-477 aligncenter\" src=\"https:\/\/smartperformance.es\/wp-content\/uploads\/2019\/09\/IMG_4296-300x225.jpg\" alt=\"\" width=\"300\" height=\"225\" srcset=\"https:\/\/smartperformance.es\/wp-content\/uploads\/2019\/09\/IMG_4296-300x225.jpg 300w, https:\/\/smartperformance.es\/wp-content\/uploads\/2019\/09\/IMG_4296-768x576.jpg 768w, https:\/\/smartperformance.es\/wp-content\/uploads\/2019\/09\/IMG_4296-1024x768.jpg 1024w\" sizes=\"(max-width: 300px) 100vw, 300px\" \/><\/strong><\/p>\r\n<\/td>\r\n<\/tr>\r\n<tr>\r\n<td align=\"justify\" valign=\"top\" width=\"45%\">\r\n<h4 style=\"text-align: center;\"><span style=\"color: #5b9bd5;\"><strong>Investigaci\u00f3n y desarrollo<\/strong><\/span><\/h4>\r\n<p>Desarrollamos soluciones metodol\u00f3gicas basadas en la tecnolog\u00eda, dirigimos investigaciones aplicadas para tu club\/organizaci\u00f3n (en colaboraci\u00f3n con distintas Universidades), y actuamos como \u201ctester\u201d de tecnolog\u00eda aplicada.<\/p>\r\n<p><img loading=\"lazy\" class=\"size-medium wp-image-481 aligncenter\" src=\"https:\/\/smartperformance.es\/wp-content\/uploads\/2019\/09\/IMG_E3982-2-300x92.jpg\" alt=\"\" width=\"300\" height=\"92\" srcset=\"https:\/\/smartperformance.es\/wp-content\/uploads\/2019\/09\/IMG_E3982-2-300x92.jpg 300w, https:\/\/smartperformance.es\/wp-content\/uploads\/2019\/09\/IMG_E3982-2-768x235.jpg 768w, https:\/\/smartperformance.es\/wp-content\/uploads\/2019\/09\/IMG_E3982-2-1024x314.jpg 1024w\" sizes=\"(max-width: 300px) 100vw, 300px\" \/> <img loading=\"lazy\" class=\"size-medium wp-image-480 aligncenter\" src=\"https:\/\/smartperformance.es\/wp-content\/uploads\/2019\/09\/IMG_8062-2-300x225.jpg\" alt=\"\" width=\"300\" height=\"225\" srcset=\"https:\/\/smartperformance.es\/wp-content\/uploads\/2019\/09\/IMG_8062-2-300x225.jpg 300w, https:\/\/smartperformance.es\/wp-content\/uploads\/2019\/09\/IMG_8062-2-768x576.jpg 768w, https:\/\/smartperformance.es\/wp-content\/uploads\/2019\/09\/IMG_8062-2-1024x768.jpg 1024w, https:\/\/smartperformance.es\/wp-content\/uploads\/2019\/09\/IMG_8062-2.jpg 1559w\" sizes=\"(max-width: 300px) 100vw, 300px\" \/> <img loading=\"lazy\" class=\"size-medium wp-image-479 aligncenter\" src=\"https:\/\/smartperformance.es\/wp-content\/uploads\/2019\/09\/IMG_2582-2-300x225.jpg\" alt=\"\" width=\"300\" height=\"225\" srcset=\"https:\/\/smartperformance.es\/wp-content\/uploads\/2019\/09\/IMG_2582-2-300x225.jpg 300w, https:\/\/smartperformance.es\/wp-content\/uploads\/2019\/09\/IMG_2582-2-768x576.jpg 768w, https:\/\/smartperformance.es\/wp-content\/uploads\/2019\/09\/IMG_2582-2-1024x768.jpg 1024w\" sizes=\"(max-width: 300px) 100vw, 300px\" \/><\/p>\r\n<p>&nbsp;<\/p>\r\n<\/td>\r\n<td width=\"10%\">\r\n<p><strong>\u00a0<\/strong><\/p>\r\n<\/td>\r\n<td align=\"justify\" valign=\"top\" width=\"45%\">\r\n<h4 style=\"text-align: center;\"><span style=\"color: #5b9bd5;\"><strong>Staff Headhunting<\/strong><\/span><\/h4>\r\n<p>Ofrecemos la posibilidad de contratar a profesionales (entrenadores, preparadores f\u00edsicos, fisioterapeutas, \u2026) que se adapten al perfil necesario (j\u00f3venes con potencial, j\u00f3venes con una cierta experiencia, expertos con trayectoria contrastada), incluyendo la posibilidad\u00a0 de contar con el respaldo de la consultor\u00eda Smart Performance para obtener los mayores beneficios y posibilidades.<\/p>\r\n<p>&nbsp;<\/p>\r\n<\/td>\r\n<\/tr>\r\n<\/tbody>\r\n<\/table>\r\n<h4 style=\"text-align: center;\"><span style=\"color: #5b9bd5;\"><strong>Desarrollo de proyectos<\/strong><\/span><\/h4>\r\n<p>Desarrollamos, proponemos, implementamos y dirigimos proyectos de distinta \u00edndole relacionados con el rendimiento deportivo (desarrollo de departamento de rendimiento, campus deportivo, stage para equipos, organizaci\u00f3n de eventos, cursos de formaci\u00f3n intensivos, programas Touch&amp;Play, \u2026). Plant\u00e9anos tu necesidad, y te ofreceremos nuestro enfoque.<\/p>\r\n<p><img loading=\"lazy\" class=\"size-medium wp-image-372 aligncenter\" src=\"https:\/\/smartperformance.es\/wp-content\/uploads\/2019\/09\/IMG_5757-300x169.jpg\" alt=\"\" width=\"300\" height=\"169\" srcset=\"https:\/\/smartperformance.es\/wp-content\/uploads\/2019\/09\/IMG_5757-300x169.jpg 300w, https:\/\/smartperformance.es\/wp-content\/uploads\/2019\/09\/IMG_5757-768x432.jpg 768w, https:\/\/smartperformance.es\/wp-content\/uploads\/2019\/09\/IMG_5757.jpg 855w\" sizes=\"(max-width: 300px) 100vw, 300px\" \/> <img loading=\"lazy\" class=\"size-medium wp-image-401 aligncenter\" src=\"https:\/\/smartperformance.es\/wp-content\/uploads\/2019\/09\/IMG_9654-300x225.jpg\" alt=\"\" width=\"300\" height=\"225\" srcset=\"https:\/\/smartperformance.es\/wp-content\/uploads\/2019\/09\/IMG_9654-300x225.jpg 300w, https:\/\/smartperformance.es\/wp-content\/uploads\/2019\/09\/IMG_9654-768x576.jpg 768w, https:\/\/smartperformance.es\/wp-content\/uploads\/2019\/09\/IMG_9654-1024x768.jpg 1024w\" sizes=\"(max-width: 300px) 100vw, 300px\" \/><\/p>\r\n","protected":false},"excerpt":{"rendered":"<p>Servicios Consultor\u00eda Ante un contexto\/situaci\u00f3n particular, analizamos, planteamos y debatimos soluciones concretas basadas en el conocimiento y experiencia acumulados. Realizamos consultas \u201conline\u201d\/\u201con site\u201d, junto con la posibilidad de incluir otras actuaciones (formaci\u00f3n especializada, an\u00e1lisis y optimizaci\u00f3n del rendimiento, evaluaciones y entrenamiento, \u2026) cuando la situaci\u00f3n\/contexto lo requiere. Formaci\u00f3n especializada Para aquellos que buscan la excelencia, [&hellip;]<\/p>\n","protected":false},"author":1,"featured_media":0,"parent":0,"menu_order":0,"comment_status":"closed","ping_status":"closed","template":"","meta":[],"_links":{"self":[{"href":"https:\/\/smartperformance.es\/index.php\/wp-json\/wp\/v2\/pages\/2"}],"collection":[{"href":"https:\/\/smartperformance.es\/index.php\/wp-json\/wp\/v2\/pages"}],"about":[{"href":"https:\/\/smartperformance.es\/index.php\/wp-json\/wp\/v2\/types\/page"}],"author":[{"embeddable":true,"href":"https:\/\/smartperformance.es\/index.php\/wp-json\/wp\/v2\/users\/1"}],"replies":[{"embeddable":true,"href":"https:\/\/smartperformance.es\/index.php\/wp-json\/wp\/v2\/comments?post=2"}],"version-history":[{"count":24,"href":"https:\/\/smartperformance.es\/index.php\/wp-json\/wp\/v2\/pages\/2\/revisions"}],"predecessor-version":[{"id":482,"href":"https:\/\/smartperformance.es\/index.php\/wp-json\/wp\/v2\/pages\/2\/revisions\/482"}],"wp:attachment":[{"href":"https:\/\/smartperformance.es\/index.php\/wp-json\/wp\/v2\/media?parent=2"}],"curies":[{"name":"wp","href":"https:\/\/api.w.org\/{rel}","templated":true}]}}